{"id":50,"date":"2016-06-12T17:59:48","date_gmt":"2016-06-12T15:59:48","guid":{"rendered":"http:\/\/www.eurekasoluzioniinformatiche.it\/ewp1606\/?page_id=50"},"modified":"2016-06-12T23:36:18","modified_gmt":"2016-06-12T21:36:18","slug":"siti-web","status":"publish","type":"page","link":"https:\/\/www.eurekasoluzioniinformatiche.it\/ewp1606\/servizi\/siti-web\/","title":{"rendered":"Siti Web"},"content":{"rendered":"<div class=\"col_w460 float_l\">\n<h3>Siti Internet<\/h3>\n<h2><img loading=\"lazy\" decoding=\"async\" title=\"siti_web\" src=\"http:\/\/www.eurekasoluzioniinformatiche.it\/images\/siti_web2.jpg\" alt=\"siti_web\" width=\"300\" height=\"263\" \/><\/h2>\n<p>Affinch\u00e8 un <strong>sito internet<\/strong> abbia tutte le caratteristiche di un <strong>sito web professionale<\/strong> \u00e8 necessario affidarsi a professionisti del settore informatico.<\/p>\n<p>Ognuno dei nostri <strong>servizi web<\/strong> \u00e8 garantito dalla <strong>massima professionalit\u00e0.<span id=\"more-1\"> <\/span><\/strong>Il contatto con il cliente per noi \u00e8 di fondamentale importanza per la riuscita a <strong>360 gradi<\/strong> del <strong>progetto web. Un buon sito web <\/strong>dovr\u00e0 essere studiato e progettato per persuadere e far vendere prodotti e servizi alle aziende.<\/p>\n<p>I software utilizzati per la <strong>creazione dei siti internet<\/strong> sono i migliori sul mercato (Adobe Dreamweaver, Adobe Flash, Adobe Fireworks).<\/p>\n<p><strong>Creare<\/strong> <strong>siti internet di qualit\u00e0<\/strong> non \u00e8 affatto semplice\u2026. \u00e8 quindi necessario che un<strong> professionista del settore web <\/strong>possa:<strong><br \/>\n<\/strong><br \/>\n<img loading=\"lazy\" decoding=\"async\" title=\"accept\" src=\"http:\/\/www.eurekasoluzioniinformatiche.it\/images\/accept2222.png\" alt=\"accept\" width=\"22\" height=\"22\" \/><strong> analizzare il sito internet<br \/>\n<\/strong><img loading=\"lazy\" decoding=\"async\" title=\"accept\" src=\"http:\/\/www.eurekasoluzioniinformatiche.it\/images\/accept2222.png\" alt=\"accept\" width=\"22\" height=\"22\" \/><strong> progettare il sito web<br \/>\n<\/strong><strong><img loading=\"lazy\" decoding=\"async\" title=\"accept\" src=\"http:\/\/www.eurekasoluzioniinformatiche.it\/images\/accept2222.png\" alt=\"accept\" width=\"22\" height=\"22\" \/> implementare le tecnologie (xhtml, css, php, java, ecc.)<br \/>\n<\/strong><strong><img loading=\"lazy\" decoding=\"async\" title=\"accept\" src=\"http:\/\/www.eurekasoluzioniinformatiche.it\/images\/accept2222.png\" alt=\"accept\" width=\"22\" height=\"22\" \/> creare il layout del sito web<br \/>\n<img loading=\"lazy\" decoding=\"async\" title=\"accept\" src=\"http:\/\/www.eurekasoluzioniinformatiche.it\/images\/accept2222.png\" alt=\"accept\" width=\"22\" height=\"22\" \/><\/strong><strong>verificare il sito web<br \/>\n<img loading=\"lazy\" decoding=\"async\" title=\"accept\" src=\"http:\/\/www.eurekasoluzioniinformatiche.it\/images\/accept2222.png\" alt=\"accept\" width=\"22\" height=\"22\" \/><\/strong><strong> testare il sito internet<br \/>\n<img loading=\"lazy\" decoding=\"async\" title=\"accept\" src=\"http:\/\/www.eurekasoluzioniinformatiche.it\/images\/accept2222.png\" alt=\"accept\" width=\"22\" height=\"22\" \/> pubblicare online i contenuti del sito web<br \/>\n<img loading=\"lazy\" decoding=\"async\" title=\"accept\" src=\"http:\/\/www.eurekasoluzioniinformatiche.it\/images\/accept2222.png\" alt=\"accept\" width=\"22\" height=\"22\" \/><\/strong><strong>indicizzare il sito internet nei motori di ricerca<br \/>\n<\/strong><strong><img loading=\"lazy\" decoding=\"async\" title=\"accept\" src=\"http:\/\/www.eurekasoluzioniinformatiche.it\/images\/accept2222.png\" alt=\"accept\" width=\"22\" height=\"22\" \/> scambi links con altri siti internet<br \/>\n<\/strong><strong><img loading=\"lazy\" decoding=\"async\" title=\"accept\" src=\"http:\/\/www.eurekasoluzioniinformatiche.it\/images\/accept2222.png\" alt=\"accept\" width=\"22\" height=\"22\" \/> gestione dominio internet, hosting<br \/>\n<img loading=\"lazy\" decoding=\"async\" title=\"accept\" src=\"http:\/\/www.eurekasoluzioniinformatiche.it\/images\/accept2222.png\" alt=\"accept\" width=\"22\" height=\"22\" \/><\/strong><strong> restyling del sito web\u2026 dopo 1-2-3 anni dalla sua pubblicazione<br \/>\n<\/strong><strong><img loading=\"lazy\" decoding=\"async\" title=\"accept\" src=\"http:\/\/www.eurekasoluzioniinformatiche.it\/images\/accept2222.png\" alt=\"accept\" width=\"22\" height=\"22\" \/> customer satisfaction<br \/>\n<\/strong><strong><img loading=\"lazy\" decoding=\"async\" title=\"accept\" src=\"http:\/\/www.eurekasoluzioniinformatiche.it\/images\/accept2222.png\" alt=\"accept\" width=\"22\" height=\"22\" \/> assistenza online della clientela<\/strong><\/p>\n<\/div>\n<div class=\"col_w460 float_r\">\n<div>\n<table cellspacing=\"0\" cellpadding=\"0\">\n<tbody>\n<tr>\n<td><img loading=\"lazy\" decoding=\"async\" src=\"http:\/\/www.eurekasoluzioniinformatiche.it\/images\/browser.jpg\" width=\"280\" height=\"145\" border=\"0\" \/><\/td>\n<td>\n<div>\n<ul>\n<ul>\n<li>Realizzazione siti web<\/li>\n<\/ul>\n<\/ul>\n<ul>\n<ul>\n<li>Progettazione e realizzazione web applications<\/li>\n<\/ul>\n<\/ul>\n<ul>\n<ul>\n<li>E-Commerce<\/li>\n<\/ul>\n<\/ul>\n<ul>\n<ul>\n<li>Indicizzazione siti web sui motori di ricerca<\/li>\n<\/ul>\n<\/ul>\n<ul>\n<ul>\n<li>Posizionamento siti web sui motori di ricerca<\/li>\n<\/ul>\n<\/ul>\n<ul>\n<ul>\n<li>SEO (Search Engine Optimization)<\/li>\n<\/ul>\n<\/ul>\n<ul>\n<ul>\n<li>Web Marketing<\/li>\n<\/ul>\n<\/ul>\n<\/div>\n<\/td>\n<\/tr>\n<\/tbody>\n<\/table>\n<\/div>\n<div>\n<div><\/div>\n<h3>Web Design<\/h3>\n<div>\n<p><strong><img loading=\"lazy\" decoding=\"async\" title=\"accept\" src=\"http:\/\/www.eurekasoluzioniinformatiche.it\/images\/accept2222.png\" alt=\"accept\" width=\"22\" height=\"22\" \/> Realizzazione Logo Aziendale<br \/>\n<\/strong>Consegna in versione web e versione per stampa<br \/>\n<strong><img loading=\"lazy\" decoding=\"async\" title=\"accept\" src=\"http:\/\/www.eurekasoluzioniinformatiche.it\/images\/accept2222.png\" alt=\"accept\" width=\"22\" height=\"22\" \/> Slide show di immagini in Flash<br \/>\n<\/strong>Per mostrare le immagini in modo accattivante e dinamico<br \/>\n<strong><img loading=\"lazy\" decoding=\"async\" title=\"accept\" src=\"http:\/\/www.eurekasoluzioniinformatiche.it\/images\/accept2222.png\" alt=\"accept\" width=\"22\" height=\"22\" \/> Creazione Banner statico<br \/>\n<\/strong>Per dare evidenza e collegare ad una determinata sezione o sito esterno<br \/>\n<strong><img loading=\"lazy\" decoding=\"async\" title=\"accept\" src=\"http:\/\/www.eurekasoluzioniinformatiche.it\/images\/accept2222.png\" alt=\"accept\" width=\"22\" height=\"22\" \/> Creazione Banner Flash<\/strong><br \/>\nPer dare evidenza e collegare ad una determinata sezione o sito esterno<\/p>\n<\/div>\n<div><img decoding=\"async\" src=\"http:\/\/www.eurekasoluzioniinformatiche.it\/images\/Serv_Contenuti.jpg\" border=\"0\" \/><\/div>\n<div>\n<p>Realizzazione Testi e Traduzioni<br \/>\n<strong><img loading=\"lazy\" decoding=\"async\" title=\"accept\" src=\"http:\/\/www.eurekasoluzioniinformatiche.it\/images\/accept2222.png\" alt=\"accept\" width=\"22\" height=\"22\" \/> Creazione Contenuti testuali pagina<br \/>\n<\/strong>Intervista e scrittura dei contenuti descrittivi<br \/>\n<strong><img loading=\"lazy\" decoding=\"async\" title=\"accept\" src=\"http:\/\/www.eurekasoluzioniinformatiche.it\/images\/accept2222.png\" alt=\"accept\" width=\"22\" height=\"22\" \/> Traduzione contenuti testuali pagina in lingua europea principale<\/strong><br \/>\nInglese, Francese, Tedesco, Spagnolo<br \/>\n<strong><img loading=\"lazy\" decoding=\"async\" title=\"accept\" src=\"http:\/\/www.eurekasoluzioniinformatiche.it\/images\/accept2222.png\" alt=\"accept\" width=\"22\" height=\"22\" \/> Traduzione contenuti testuali pagina in altre lingue europee<\/strong><br \/>\nTutte le altre lingue europee convenzionali ed il Russo<br \/>\n<strong><img loading=\"lazy\" decoding=\"async\" title=\"accept\" src=\"http:\/\/www.eurekasoluzioniinformatiche.it\/images\/accept2222.png\" alt=\"accept\" width=\"22\" height=\"22\" \/> Traduzione contenuti testuali pagina in lingue straniere<\/strong><br \/>\nGiapponese, Cinese, Arabo e altre lingue asiatiche<\/p>\n<\/div>\n<\/div>\n<\/div>\n","protected":false},"excerpt":{"rendered":"<p>Siti Internet Affinch\u00e8 un sito internet abbia tutte le caratteristiche di un sito web professionale \u00e8 necessario affidarsi a professionisti del settore informatico. Ognuno dei nostri servizi web \u00e8 garantito dalla massima professionalit\u00e0. Il contatto con il cliente per noi \u00e8 di fondamentale importanza per la riuscita a 360 gradi del progetto web. Un buon [&hellip;]<\/p>\n","protected":false},"author":1,"featured_media":0,"parent":8,"menu_order":0,"comment_status":"closed","ping_status":"closed","template":"fullwidth.php","meta":{"footnotes":""},"_links":{"self":[{"href":"https:\/\/www.eurekasoluzioniinformatiche.it\/ewp1606\/wp-json\/wp\/v2\/pages\/50"}],"collection":[{"href":"https:\/\/www.eurekasoluzioniinformatiche.it\/ewp1606\/wp-json\/wp\/v2\/pages"}],"about":[{"href":"https:\/\/www.eurekasoluzioniinformatiche.it\/ewp1606\/wp-json\/wp\/v2\/types\/page"}],"author":[{"embeddable":true,"href":"https:\/\/www.eurekasoluzioniinformatiche.it\/ewp1606\/wp-json\/wp\/v2\/users\/1"}],"replies":[{"embeddable":true,"href":"https:\/\/www.eurekasoluzioniinformatiche.it\/ewp1606\/wp-json\/wp\/v2\/comments?post=50"}],"version-history":[{"count":3,"href":"https:\/\/www.eurekasoluzioniinformatiche.it\/ewp1606\/wp-json\/wp\/v2\/pages\/50\/revisions"}],"predecessor-version":[{"id":87,"href":"https:\/\/www.eurekasoluzioniinformatiche.it\/ewp1606\/wp-json\/wp\/v2\/pages\/50\/revisions\/87"}],"up":[{"embeddable":true,"href":"https:\/\/www.eurekasoluzioniinformatiche.it\/ewp1606\/wp-json\/wp\/v2\/pages\/8"}],"wp:attachment":[{"href":"https:\/\/www.eurekasoluzioniinformatiche.it\/ewp1606\/wp-json\/wp\/v2\/media?parent=50"}],"curies":[{"name":"wp","href":"https:\/\/api.w.org\/{rel}","templated":true}]}}