{"id":6,"date":"2016-06-12T08:34:52","date_gmt":"2016-06-12T06:34:52","guid":{"rendered":"http:\/\/www.eurekasoluzioniinformatiche.it\/ewp1606\/?page_id=6"},"modified":"2016-06-12T23:24:04","modified_gmt":"2016-06-12T21:24:04","slug":"chi-siamo","status":"publish","type":"page","link":"https:\/\/www.eurekasoluzioniinformatiche.it\/ewp1606\/chi-siamo\/","title":{"rendered":"Chi siamo"},"content":{"rendered":"<p>EUREKA Soluzioni Informatiche \u00e8 un&#8217;azienda consolidata che dal 2009 opera nell&#8217;ambito delle tecnologie informatiche, fornendo sia servizi di assistenza e consulenza IT sia di vendita di materiale informatico. EUREKA mette a disposizone dei suoi clienti tutte le conoscenze e le competenze acquisite nel suo intenso percorso lavorativo e grazie anch ad una costante attivit\u00e0 di formazione del suo personale.<br \/>\nLe capacit\u00e0 fornite sono messa a dispisizone di un&#8217;ampia clientela, quali piccole e medie imprese, pubbliche amministrazioni, studi ed enti professionali e privati.<\/p>\n<div id=\"attachment_80\" style=\"width: 405px\" class=\"wp-caption alignleft\"><img loading=\"lazy\" decoding=\"async\" aria-describedby=\"caption-attachment-80\" class=\"size-full wp-image-80\" src=\"http:\/\/www.eurekasoluzioniinformatiche.it\/ewp1606\/wp-content\/uploads\/2016\/06\/virtual-team.jpg\" alt=\"Team EUREKA\" width=\"395\" height=\"304\" srcset=\"https:\/\/www.eurekasoluzioniinformatiche.it\/ewp1606\/wp-content\/uploads\/2016\/06\/virtual-team.jpg 395w, https:\/\/www.eurekasoluzioniinformatiche.it\/ewp1606\/wp-content\/uploads\/2016\/06\/virtual-team-300x231.jpg 300w\" sizes=\"(max-width: 395px) 100vw, 395px\" \/><p id=\"caption-attachment-80\" class=\"wp-caption-text\">Team EUREKA<\/p><\/div>\n<p align=\"justify\">EUREKA \u00e8 un team giovane e dinamico unito dalla passione comune per l&#8217;informatica e per Internet. E&#8217; questa passione che ci stimola giorno dopo giorno a migliorarci e ad offrire sempre migliori servizi ai nostri clienti.<\/p>\n<p align=\"justify\">La soddisfazione dei nostri clienti \u00e8 il nostro punto di forza.<br \/>\nChi sceglie EUREKA si affida ad un gruppo di professionisti, esperti del Web e di Internet, aggiornati alle ultime tecnologie per offrire sempre i migliori servizi.<\/p>\n<p><img loading=\"lazy\" decoding=\"async\" class=\"alignleft wp-image-81 size-full\" src=\"http:\/\/www.eurekasoluzioniinformatiche.it\/ewp1606\/wp-content\/uploads\/2016\/06\/team.jpg\" alt=\"Team EUREKA\" width=\"450\" height=\"319\" srcset=\"https:\/\/www.eurekasoluzioniinformatiche.it\/ewp1606\/wp-content\/uploads\/2016\/06\/team.jpg 450w, https:\/\/www.eurekasoluzioniinformatiche.it\/ewp1606\/wp-content\/uploads\/2016\/06\/team-300x213.jpg 300w\" sizes=\"(max-width: 450px) 100vw, 450px\" \/>Il nostro obiettivo \u00e8 offrire ai nostri clienti dei servizi completi a 360 gradi.<br \/>\nEUREKA offre numerosi servizi, dall&#8217; assistenza tecnica per privati ai pi\u00f9 complessi servizi per aziende ed enti pubblici, dallo studio e progettazione di grafica professionale alla stampa di alt\u00e0 qualit\u00e0, dai pi\u00f9 semplici siti internet fino ai pi\u00f9 complessi portali per aziende.<\/p>\n<p>EUREKA si occupa inoltre di videosorveglianza, per tutelare la sicurezza della vostra casa o della vostra azienda. Potrete monitorare tutto ci\u00f2 che avviene all&#8217;interno della vostra struttura, da qualsiasi punto del globo, con telecamere professionali e con sistemi innovativi di ultima generazione.<\/p>\n","protected":false},"excerpt":{"rendered":"<p>EUREKA Soluzioni Informatiche \u00e8 un&#8217;azienda consolidata che dal 2009 opera nell&#8217;ambito delle tecnologie informatiche, fornendo sia servizi di assistenza e consulenza IT sia di vendita di materiale informatico. EUREKA mette a disposizone dei suoi clienti tutte le conoscenze e le competenze acquisite nel suo intenso percorso lavorativo e grazie anch ad una costante attivit\u00e0 di [&hellip;]<\/p>\n","protected":false},"author":1,"featured_media":0,"parent":0,"menu_order":1,"comment_status":"closed","ping_status":"closed","template":"fullwidth.php","meta":{"footnotes":""},"_links":{"self":[{"href":"https:\/\/www.eurekasoluzioniinformatiche.it\/ewp1606\/wp-json\/wp\/v2\/pages\/6"}],"collection":[{"href":"https:\/\/www.eurekasoluzioniinformatiche.it\/ewp1606\/wp-json\/wp\/v2\/pages"}],"about":[{"href":"https:\/\/www.eurekasoluzioniinformatiche.it\/ewp1606\/wp-json\/wp\/v2\/types\/page"}],"author":[{"embeddable":true,"href":"https:\/\/www.eurekasoluzioniinformatiche.it\/ewp1606\/wp-json\/wp\/v2\/users\/1"}],"replies":[{"embeddable":true,"href":"https:\/\/www.eurekasoluzioniinformatiche.it\/ewp1606\/wp-json\/wp\/v2\/comments?post=6"}],"version-history":[{"count":6,"href":"https:\/\/www.eurekasoluzioniinformatiche.it\/ewp1606\/wp-json\/wp\/v2\/pages\/6\/revisions"}],"predecessor-version":[{"id":54,"href":"https:\/\/www.eurekasoluzioniinformatiche.it\/ewp1606\/wp-json\/wp\/v2\/pages\/6\/revisions\/54"}],"wp:attachment":[{"href":"https:\/\/www.eurekasoluzioniinformatiche.it\/ewp1606\/wp-json\/wp\/v2\/media?parent=6"}],"curies":[{"name":"wp","href":"https:\/\/api.w.org\/{rel}","templated":true}]}}